{"id":1481,"date":"2025-12-16T15:13:19","date_gmt":"2025-12-16T15:13:19","guid":{"rendered":"https:\/\/baselinkweb.nl\/legrand\/?page_id=1481"},"modified":"2025-12-16T15:15:25","modified_gmt":"2025-12-16T15:15:25","slug":"declaracion-de-privacidad","status":"publish","type":"page","link":"https:\/\/saunaclublegrand.nl\/es\/privacyverklaring\/","title":{"rendered":"Declaraci\u00f3n de confidencialidad"},"content":{"rendered":"<div data-elementor-type=\"wp-page\" data-elementor-id=\"1481\" class=\"elementor elementor-1481\" data-elementor-post-type=\"page\">\n\t\t\t\t<div class=\"elementor-element elementor-element-d6f2332 e-flex e-con-boxed e-con e-parent\" data-id=\"d6f2332\" data-element_type=\"container\" data-e-type=\"container\">\n\t\t\t\t\t<div class=\"e-con-inner\">\n\t\t\t\t<div class=\"elementor-element elementor-element-2e80b6c elementor-widget elementor-widget-heading\" data-id=\"2e80b6c\" data-element_type=\"widget\" data-e-type=\"widget\" data-widget_type=\"heading.default\">\n\t\t\t\t\t<h1 class=\"elementor-heading-title elementor-size-default\">Pol\u00edtica de privacidad<\/h1>\t\t\t\t<\/div>\n\t\t\t\t<div class=\"elementor-element elementor-element-08b4376 elementor-widget elementor-widget-text-editor\" data-id=\"08b4376\" data-element_type=\"widget\" data-e-type=\"widget\" data-widget_type=\"text-editor.default\">\n\t\t\t\t\t\t\t\t\t<p>Nos comprometemos a proteger sus datos personales. En esta declaraci\u00f3n de privacidad, le informamos de c\u00f3mo tratamos sus datos personales cuando visita nuestro sitio web y utiliza nuestro formulario de contacto. Por la presente cumplimos el Reglamento General de Protecci\u00f3n de Datos (RGPD).<\/p><p><strong>1. Recogida y uso de datos personales<\/strong><\/p><p>Formulario de contacto<\/p><p>Cuando rellena nuestro formulario de contacto o de presupuesto, recopilamos los siguientes datos:<\/p><ul><li>Nombre<\/li><li>Direcci\u00f3n de correo electr\u00f3nico<\/li><li>N\u00famero de tel\u00e9fono<\/li><li>Cualquier otro dato que facilite voluntariamente en el mensaje<br \/><br \/><\/li><\/ul><p>Estos datos se utilizar\u00e1n exclusivamente para responder a su pregunta o tramitar su solicitud.<\/p><p>Google Analytics<\/p><p>Nuestro sitio web utiliza Google Analytics, un servicio anal\u00edtico de web prestado por Google Inc. Google Analytics utiliza \u201ccookies\u201d (archivos de texto ubicados en su ordenador) para ayudar a analizar el uso que hacen los usuarios del sitio web. La informaci\u00f3n que genera la cookie acerca de su uso del website (incluyendo su direcci\u00f3n IP) ser\u00e1 directamente transmitida y archivada por Google en los servidores de Estados Unidos.<\/p><p><strong>2. Finalidad del tratamiento de datos<\/strong><\/p><p>Los datos personales que facilite a trav\u00e9s del formulario de contacto se utilizar\u00e1n exclusivamente para tramitar su consulta o solicitud.<\/p><p>Los datos recogidos por Google Analytics se utilizan \u00fanicamente para comprender y mejorar el uso de nuestro sitio web. Estos datos no se utilizan para identificarle personalmente.<\/p><p><strong>3. Per\u00edodo de conservaci\u00f3n<\/strong><\/p><p>No conservamos sus datos m\u00e1s tiempo del necesario para el fin para el que fueron recogidos. Los datos que facilite a trav\u00e9s del formulario de contacto se conservar\u00e1n durante un m\u00e1ximo de 1 a\u00f1o despu\u00e9s de que se haya tramitado su pregunta o solicitud.<\/p><p>Los datos recogidos por Google Analytics se conservan durante un m\u00e1ximo de 26 meses.<\/p><p><strong>4. Sus derechos<\/strong><\/p><p>Tiene derecho a acceder a sus datos personales, rectificarlos o suprimirlos. Tambi\u00e9n tiene derecho a oponerse al tratamiento de sus datos personales y a la portabilidad de los datos. Esto significa que puede solicitarnos que le enviemos los datos personales que tenemos sobre usted en un archivo inform\u00e1tico a usted o a otra organizaci\u00f3n que usted designe.<\/p><p>Puede enviar una solicitud de acceso, rectificaci\u00f3n, supresi\u00f3n, transferencia de sus datos personales o solicitar la revocaci\u00f3n de su consentimiento u oponerse al tratamiento de sus datos personales a info@saunaclublegrand.nl.<\/p><p><strong>5. Seguridad de los datos personales<\/strong><\/p><p>Nos tomamos muy en serio la protecci\u00f3n de sus datos y hemos tomado las medidas oportunas para contrarrestar el abuso, la p\u00e9rdida, el acceso no autorizado, la divulgaci\u00f3n no deseada y la modificaci\u00f3n no autorizada.<\/p><p><strong>6. 6. Datos de contacto<\/strong><\/p><p>\u00bfTiene alguna pregunta sobre este aviso de privacidad o sobre el tratamiento de sus datos personales? Si es as\u00ed, p\u00f3ngase en contacto con nosotros en<\/p><ul><li>Sauna club Le Grand\u00a0<\/li><li>Meirseweg 25, 4881 DH Zundert<\/li><li>info@saunaclublegrand.nl<br \/><br \/><\/li><\/ul><p>Cambios en esta declaraci\u00f3n de privacidad<\/p><p>Nos reservamos el derecho a modificar esta declaraci\u00f3n de privacidad. Los cambios se publicar\u00e1n en este sitio web. Por lo tanto, le aconsejamos que consulte esta declaraci\u00f3n de privacidad con regularidad para estar al tanto de cualquier cambio.<\/p><p>\u00daltima actualizaci\u00f3n: 21-08-2024<\/p>\t\t\t\t\t\t\t\t<\/div>\n\t\t\t\t\t<\/div>\n\t\t\t\t<\/div>\n\t\t\t\t<\/div>","protected":false},"excerpt":{"rendered":"<p>Privacybeleid Wij hechten veel waarde aan de bescherming van uw persoonsgegevens. In deze privacyverklaring informeren wij u over hoe wij omgaan met uw persoonsgegevens wanneer u onze website bezoekt en gebruikmaakt van ons contactformulier. Wij voldoen hierbij aan de Algemene Verordening Gegevensbescherming (AVG). 1. Verzameling en gebruik van persoonsgegevens Contactformulier Wanneer u ons contactformulier of [&hellip;]<\/p>\n","protected":false},"author":1,"featured_media":0,"parent":0,"menu_order":0,"comment_status":"closed","ping_status":"closed","template":"","meta":{"footnotes":""},"class_list":["post-1481","page","type-page","status-publish","hentry"],"yoast_head":"<!-- This site is optimized with the Yoast SEO plugin v27.4 - https:\/\/yoast.com\/product\/yoast-seo-wordpress\/ -->\n<title>Privacyverklaring - Saunaclub Le Grand<\/title>\n<meta name=\"robots\" content=\"index, follow, max-snippet:-1, max-image-preview:large, max-video-preview:-1\" \/>\n<link rel=\"canonical\" href=\"https:\/\/saunaclublegrand.nl\/es\/declaracion-de-privacidad\/\" \/>\n<meta property=\"og:locale\" content=\"es_ES\" \/>\n<meta property=\"og:type\" content=\"article\" \/>\n<meta property=\"og:title\" content=\"Privacyverklaring - Saunaclub Le Grand\" \/>\n<meta property=\"og:description\" content=\"Privacybeleid Wij hechten veel waarde aan de bescherming van uw persoonsgegevens. In deze privacyverklaring informeren wij u over hoe wij omgaan met uw persoonsgegevens wanneer u onze website bezoekt en gebruikmaakt van ons contactformulier. Wij voldoen hierbij aan de Algemene Verordening Gegevensbescherming (AVG). 1. Verzameling en gebruik van persoonsgegevens Contactformulier Wanneer u ons contactformulier of [&hellip;]\" \/>\n<meta property=\"og:url\" content=\"https:\/\/saunaclublegrand.nl\/es\/declaracion-de-privacidad\/\" \/>\n<meta property=\"og:site_name\" content=\"Saunaclub Le Grand\" \/>\n<meta property=\"article:modified_time\" content=\"2025-12-16T15:15:25+00:00\" \/>\n<meta name=\"twitter:card\" content=\"summary_large_image\" \/>\n<meta name=\"twitter:label1\" content=\"Tiempo de lectura\" \/>\n\t<meta name=\"twitter:data1\" content=\"3 minutos\" \/>\n<script type=\"application\/ld+json\" class=\"yoast-schema-graph\">{\"@context\":\"https:\\\/\\\/schema.org\",\"@graph\":[{\"@type\":\"WebPage\",\"@id\":\"https:\\\/\\\/saunaclublegrand.nl\\\/privacyverklaring\\\/\",\"url\":\"https:\\\/\\\/saunaclublegrand.nl\\\/privacyverklaring\\\/\",\"name\":\"Privacyverklaring - Saunaclub Le Grand\",\"isPartOf\":{\"@id\":\"https:\\\/\\\/saunaclublegrand.nl\\\/#website\"},\"datePublished\":\"2025-12-16T15:13:19+00:00\",\"dateModified\":\"2025-12-16T15:15:25+00:00\",\"breadcrumb\":{\"@id\":\"https:\\\/\\\/saunaclublegrand.nl\\\/privacyverklaring\\\/#breadcrumb\"},\"inLanguage\":\"es\",\"potentialAction\":[{\"@type\":\"ReadAction\",\"target\":[\"https:\\\/\\\/saunaclublegrand.nl\\\/privacyverklaring\\\/\"]}]},{\"@type\":\"BreadcrumbList\",\"@id\":\"https:\\\/\\\/saunaclublegrand.nl\\\/privacyverklaring\\\/#breadcrumb\",\"itemListElement\":[{\"@type\":\"ListItem\",\"position\":1,\"name\":\"Home\",\"item\":\"https:\\\/\\\/saunaclublegrand.nl\\\/\"},{\"@type\":\"ListItem\",\"position\":2,\"name\":\"Privacyverklaring\"}]},{\"@type\":\"WebSite\",\"@id\":\"https:\\\/\\\/saunaclublegrand.nl\\\/#website\",\"url\":\"https:\\\/\\\/saunaclublegrand.nl\\\/\",\"name\":\"Saunaclub Le Grand\",\"description\":\"\",\"publisher\":{\"@id\":\"https:\\\/\\\/saunaclublegrand.nl\\\/#organization\"},\"potentialAction\":[{\"@type\":\"SearchAction\",\"target\":{\"@type\":\"EntryPoint\",\"urlTemplate\":\"https:\\\/\\\/saunaclublegrand.nl\\\/?s={search_term_string}\"},\"query-input\":{\"@type\":\"PropertyValueSpecification\",\"valueRequired\":true,\"valueName\":\"search_term_string\"}}],\"inLanguage\":\"es\"},{\"@type\":\"Organization\",\"@id\":\"https:\\\/\\\/saunaclublegrand.nl\\\/#organization\",\"name\":\"Saunaclub Le Grand\",\"url\":\"https:\\\/\\\/saunaclublegrand.nl\\\/\",\"logo\":{\"@type\":\"ImageObject\",\"inLanguage\":\"es\",\"@id\":\"https:\\\/\\\/saunaclublegrand.nl\\\/#\\\/schema\\\/logo\\\/image\\\/\",\"url\":\"https:\\\/\\\/saunaclublegrand.nl\\\/wp-content\\\/uploads\\\/2025\\\/12\\\/Legrand-Logo-Header-215.webp\",\"contentUrl\":\"https:\\\/\\\/saunaclublegrand.nl\\\/wp-content\\\/uploads\\\/2025\\\/12\\\/Legrand-Logo-Header-215.webp\",\"width\":215,\"height\":151,\"caption\":\"Saunaclub Le Grand\"},\"image\":{\"@id\":\"https:\\\/\\\/saunaclublegrand.nl\\\/#\\\/schema\\\/logo\\\/image\\\/\"}}]}<\/script>\n<!-- \/ Yoast SEO plugin. -->","yoast_head_json":{"title":"Declaraci\u00f3n de privacidad - Saunaclub Le Grand","robots":{"index":"index","follow":"follow","max-snippet":"max-snippet:-1","max-image-preview":"max-image-preview:large","max-video-preview":"max-video-preview:-1"},"canonical":"https:\/\/saunaclublegrand.nl\/es\/declaracion-de-privacidad\/","og_locale":"es_ES","og_type":"article","og_title":"Privacyverklaring - Saunaclub Le Grand","og_description":"Privacybeleid Wij hechten veel waarde aan de bescherming van uw persoonsgegevens. In deze privacyverklaring informeren wij u over hoe wij omgaan met uw persoonsgegevens wanneer u onze website bezoekt en gebruikmaakt van ons contactformulier. Wij voldoen hierbij aan de Algemene Verordening Gegevensbescherming (AVG). 1. Verzameling en gebruik van persoonsgegevens Contactformulier Wanneer u ons contactformulier of [&hellip;]","og_url":"https:\/\/saunaclublegrand.nl\/es\/declaracion-de-privacidad\/","og_site_name":"Saunaclub Le Grand","article_modified_time":"2025-12-16T15:15:25+00:00","twitter_card":"summary_large_image","twitter_misc":{"Tiempo de lectura":"3 minutos"},"schema":{"@context":"https:\/\/schema.org","@graph":[{"@type":"WebPage","@id":"https:\/\/saunaclublegrand.nl\/privacyverklaring\/","url":"https:\/\/saunaclublegrand.nl\/privacyverklaring\/","name":"Declaraci\u00f3n de privacidad - Saunaclub Le Grand","isPartOf":{"@id":"https:\/\/saunaclublegrand.nl\/#website"},"datePublished":"2025-12-16T15:13:19+00:00","dateModified":"2025-12-16T15:15:25+00:00","breadcrumb":{"@id":"https:\/\/saunaclublegrand.nl\/privacyverklaring\/#breadcrumb"},"inLanguage":"es","potentialAction":[{"@type":"ReadAction","target":["https:\/\/saunaclublegrand.nl\/privacyverklaring\/"]}]},{"@type":"BreadcrumbList","@id":"https:\/\/saunaclublegrand.nl\/privacyverklaring\/#breadcrumb","itemListElement":[{"@type":"ListItem","position":1,"name":"Home","item":"https:\/\/saunaclublegrand.nl\/"},{"@type":"ListItem","position":2,"name":"Privacyverklaring"}]},{"@type":"WebSite","@id":"https:\/\/saunaclublegrand.nl\/#website","url":"https:\/\/saunaclublegrand.nl\/","name":"Sauna club Le Grand","description":"","publisher":{"@id":"https:\/\/saunaclublegrand.nl\/#organization"},"potentialAction":[{"@type":"SearchAction","target":{"@type":"EntryPoint","urlTemplate":"https:\/\/saunaclublegrand.nl\/?s={search_term_string}"},"query-input":{"@type":"PropertyValueSpecification","valueRequired":true,"valueName":"search_term_string"}}],"inLanguage":"es"},{"@type":"Organization","@id":"https:\/\/saunaclublegrand.nl\/#organization","name":"Sauna club Le Grand","url":"https:\/\/saunaclublegrand.nl\/","logo":{"@type":"ImageObject","inLanguage":"es","@id":"https:\/\/saunaclublegrand.nl\/#\/schema\/logo\/image\/","url":"https:\/\/saunaclublegrand.nl\/wp-content\/uploads\/2025\/12\/Legrand-Logo-Header-215.webp","contentUrl":"https:\/\/saunaclublegrand.nl\/wp-content\/uploads\/2025\/12\/Legrand-Logo-Header-215.webp","width":215,"height":151,"caption":"Saunaclub Le Grand"},"image":{"@id":"https:\/\/saunaclublegrand.nl\/#\/schema\/logo\/image\/"}}]}},"publishpress_future_action":{"enabled":false,"date":"2026-05-20 11:43:38","action":"change-status","newStatus":"draft","terms":[],"taxonomy":"","extraData":[]},"publishpress_future_workflow_manual_trigger":{"enabledWorkflows":[]},"_links":{"self":[{"href":"https:\/\/saunaclublegrand.nl\/es\/wp-json\/wp\/v2\/pages\/1481","targetHints":{"allow":["GET"]}}],"collection":[{"href":"https:\/\/saunaclublegrand.nl\/es\/wp-json\/wp\/v2\/pages"}],"about":[{"href":"https:\/\/saunaclublegrand.nl\/es\/wp-json\/wp\/v2\/types\/page"}],"author":[{"embeddable":true,"href":"https:\/\/saunaclublegrand.nl\/es\/wp-json\/wp\/v2\/users\/1"}],"replies":[{"embeddable":true,"href":"https:\/\/saunaclublegrand.nl\/es\/wp-json\/wp\/v2\/comments?post=1481"}],"version-history":[{"count":7,"href":"https:\/\/saunaclublegrand.nl\/es\/wp-json\/wp\/v2\/pages\/1481\/revisions"}],"predecessor-version":[{"id":1488,"href":"https:\/\/saunaclublegrand.nl\/es\/wp-json\/wp\/v2\/pages\/1481\/revisions\/1488"}],"wp:attachment":[{"href":"https:\/\/saunaclublegrand.nl\/es\/wp-json\/wp\/v2\/media?parent=1481"}],"curies":[{"name":"wp","href":"https:\/\/api.w.org\/{rel}","templated":true}]}}