{"id":1481,"date":"2025-12-16T15:13:19","date_gmt":"2025-12-16T15:13:19","guid":{"rendered":"https:\/\/baselinkweb.nl\/legrand\/?page_id=1481"},"modified":"2025-12-16T15:15:25","modified_gmt":"2025-12-16T15:15:25","slug":"erklarung-zum-datenschutz","status":"publish","type":"page","link":"https:\/\/saunaclublegrand.nl\/de\/privacyverklaring\/","title":{"rendered":"Erkl\u00e4rung zum Datenschutz"},"content":{"rendered":"<div data-elementor-type=\"wp-page\" data-elementor-id=\"1481\" class=\"elementor elementor-1481\" data-elementor-post-type=\"page\">\n\t\t\t\t<div class=\"elementor-element elementor-element-d6f2332 e-flex e-con-boxed e-con e-parent\" data-id=\"d6f2332\" data-element_type=\"container\" data-e-type=\"container\">\n\t\t\t\t\t<div class=\"e-con-inner\">\n\t\t\t\t<div class=\"elementor-element elementor-element-2e80b6c elementor-widget elementor-widget-heading\" data-id=\"2e80b6c\" data-element_type=\"widget\" data-e-type=\"widget\" data-widget_type=\"heading.default\">\n\t\t\t\t\t<h1 class=\"elementor-heading-title elementor-size-default\">Datenschutzbestimmungen<\/h1>\t\t\t\t<\/div>\n\t\t\t\t<div class=\"elementor-element elementor-element-08b4376 elementor-widget elementor-widget-text-editor\" data-id=\"08b4376\" data-element_type=\"widget\" data-e-type=\"widget\" data-widget_type=\"text-editor.default\">\n\t\t\t\t\t\t\t\t\t<p>Der Schutz Ihrer pers\u00f6nlichen Daten ist uns ein wichtiges Anliegen. In dieser Datenschutzerkl\u00e4rung informieren wir Sie dar\u00fcber, wie wir mit Ihren pers\u00f6nlichen Daten umgehen, wenn Sie unsere Website besuchen und unser Kontaktformular nutzen. Wir halten uns dabei an die Allgemeine Datenschutzverordnung (AVG).<\/p><p><strong>1. Erhebung und Verwendung von personenbezogenen Daten<\/strong><\/p><p>Kontakt-Formular<\/p><p>Wenn Sie unser Kontakt- oder Angebotsformular ausf\u00fcllen, erheben wir die folgenden Daten:<\/p><ul><li>Name<\/li><li>E-Mail Adresse<\/li><li>Rufnummer<\/li><li>Alle anderen Daten, die Sie freiwillig in der Nachricht angeben<br \/><br \/><\/li><\/ul><p>Diese Daten werden ausschlie\u00dflich zur Beantwortung Ihrer Frage oder zur Bearbeitung Ihrer Anfrage verwendet.<\/p><p>Google Analytics<\/p><p>Unsere Website benutzt Google Analytics, einen Webanalysedienst der Google Inc. Google Analytics verwendet sog. \u201cCookies\u201d (Textdateien, die auf Ihrem Computer gespeichert werden), die eine Analyse der Benutzung der Website durch Sie erm\u00f6glichen. Die durch den Cookie erzeugten Informationen \u00fcber Ihre Benutzung dieser Website (einschlie\u00dflich Ihrer IP-Adresse) werden an einen Server von Google in den Vereinigten Staaten \u00fcbertragen und dort gespeichert.<\/p><p><strong>2. Zwecke der Datenverarbeitung<\/strong><\/p><p>Die personenbezogenen Daten, die Sie uns \u00fcber das Kontaktformular zur Verf\u00fcgung stellen, werden ausschlie\u00dflich zur Bearbeitung Ihrer Anfrage oder Ihres Anliegens verwendet.<\/p><p>Die von Google Analytics erfassten Daten werden ausschlie\u00dflich dazu verwendet, die Nutzung unserer Website zu verstehen und zu verbessern. Diese Daten werden nicht verwendet, um Sie pers\u00f6nlich zu identifizieren.<\/p><p><strong>3. Aufbewahrungsfrist<\/strong><\/p><p>Wir speichern Ihre Daten nicht l\u00e4nger als f\u00fcr den Zweck, f\u00fcr den sie erhoben wurden, erforderlich. Daten, die Sie uns \u00fcber das Kontaktformular zur Verf\u00fcgung stellen, werden f\u00fcr maximal 1 Jahr nach der Bearbeitung Ihrer Frage oder Anfrage gespeichert.<\/p><p>Die von Google Analytics erfassten Daten werden maximal 26 Monate lang gespeichert.<\/p><p><strong>4. Deine Rechte<\/strong><\/p><p>Sie haben das Recht auf Zugang, Berichtigung oder L\u00f6schung Ihrer personenbezogenen Daten. Sie haben auch das Recht, der Verarbeitung Ihrer personenbezogenen Daten zu widersprechen und das Recht auf Daten\u00fcbertragbarkeit. Das bedeutet, dass Sie bei uns beantragen k\u00f6nnen, dass die personenbezogenen Daten, die wir \u00fcber Sie in einer Computerdatei gespeichert haben, an Sie oder eine andere von Ihnen benannte Organisation \u00fcbermittelt werden.<\/p><p>Sie k\u00f6nnen einen Antrag auf Zugang, Berichtigung, L\u00f6schung oder \u00dcbertragung Ihrer personenbezogenen Daten oder auf Widerruf Ihrer Einwilligung oder Widerspruch gegen die Verarbeitung Ihrer personenbezogenen Daten an info@saunaclublegrand.nl richten.<\/p><p><strong>5. Sicherheit personenbezogener Daten<\/strong><\/p><p>Wir nehmen den Schutz Ihrer Daten ernst und haben geeignete Ma\u00dfnahmen ergriffen, um Missbrauch, Verlust, unbefugtem Zugriff, unerw\u00fcnschter Offenlegung und unbefugter \u00c4nderung entgegenzuwirken.<\/p><p><strong>6. Kontaktangaben<\/strong><\/p><p>Haben Sie Fragen zu diesem Datenschutzhinweis oder zur Verarbeitung Ihrer personenbezogenen Daten? Dann kontaktieren Sie uns bitte unter:<\/p><ul><li>Saunaclub Le Grand\u00a0<\/li><li>Meirseweg 25, 4881 DH Zundert<\/li><li>info@saunaclublegrand.nl<br \/><br \/><\/li><\/ul><p>\u00c4nderungen an dieser Datenschutzerkl\u00e4rung<\/p><p>Wir behalten uns das Recht vor, diese Erkl\u00e4rung zum Datenschutz zu \u00e4ndern. \u00c4nderungen werden auf dieser Website ver\u00f6ffentlicht. Wir empfehlen Ihnen daher, diese Datenschutzerkl\u00e4rung regelm\u00e4\u00dfig zu konsultieren, damit Sie \u00fcber etwaige \u00c4nderungen informiert sind.<\/p><p>Letzte Aktualisierung: 21-08-2024<\/p>\t\t\t\t\t\t\t\t<\/div>\n\t\t\t\t\t<\/div>\n\t\t\t\t<\/div>\n\t\t\t\t<\/div>","protected":false},"excerpt":{"rendered":"<p>Privacybeleid Wij hechten veel waarde aan de bescherming van uw persoonsgegevens. In deze privacyverklaring informeren wij u over hoe wij omgaan met uw persoonsgegevens wanneer u onze website bezoekt en gebruikmaakt van ons contactformulier. Wij voldoen hierbij aan de Algemene Verordening Gegevensbescherming (AVG). 1. Verzameling en gebruik van persoonsgegevens Contactformulier Wanneer u ons contactformulier of [&hellip;]<\/p>\n","protected":false},"author":1,"featured_media":0,"parent":0,"menu_order":0,"comment_status":"closed","ping_status":"closed","template":"","meta":{"footnotes":""},"class_list":["post-1481","page","type-page","status-publish","hentry"],"yoast_head":"<!-- This site is optimized with the Yoast SEO plugin v27.4 - https:\/\/yoast.com\/product\/yoast-seo-wordpress\/ -->\n<title>Privacyverklaring - Saunaclub Le Grand<\/title>\n<meta name=\"robots\" content=\"index, follow, max-snippet:-1, max-image-preview:large, max-video-preview:-1\" \/>\n<link rel=\"canonical\" href=\"https:\/\/saunaclublegrand.nl\/de\/erklarung-zum-datenschutz\/\" \/>\n<meta property=\"og:locale\" content=\"de_DE\" \/>\n<meta property=\"og:type\" content=\"article\" \/>\n<meta property=\"og:title\" content=\"Privacyverklaring - Saunaclub Le Grand\" \/>\n<meta property=\"og:description\" content=\"Privacybeleid Wij hechten veel waarde aan de bescherming van uw persoonsgegevens. In deze privacyverklaring informeren wij u over hoe wij omgaan met uw persoonsgegevens wanneer u onze website bezoekt en gebruikmaakt van ons contactformulier. Wij voldoen hierbij aan de Algemene Verordening Gegevensbescherming (AVG). 1. Verzameling en gebruik van persoonsgegevens Contactformulier Wanneer u ons contactformulier of [&hellip;]\" \/>\n<meta property=\"og:url\" content=\"https:\/\/saunaclublegrand.nl\/de\/erklarung-zum-datenschutz\/\" \/>\n<meta property=\"og:site_name\" content=\"Saunaclub Le Grand\" \/>\n<meta property=\"article:modified_time\" content=\"2025-12-16T15:15:25+00:00\" \/>\n<meta name=\"twitter:card\" content=\"summary_large_image\" \/>\n<meta name=\"twitter:label1\" content=\"Gesch\u00e4tzte Lesezeit\" \/>\n\t<meta name=\"twitter:data1\" content=\"3\u00a0Minuten\" \/>\n<script type=\"application\/ld+json\" class=\"yoast-schema-graph\">{\"@context\":\"https:\\\/\\\/schema.org\",\"@graph\":[{\"@type\":\"WebPage\",\"@id\":\"https:\\\/\\\/saunaclublegrand.nl\\\/privacyverklaring\\\/\",\"url\":\"https:\\\/\\\/saunaclublegrand.nl\\\/privacyverklaring\\\/\",\"name\":\"Privacyverklaring - Saunaclub Le Grand\",\"isPartOf\":{\"@id\":\"https:\\\/\\\/saunaclublegrand.nl\\\/#website\"},\"datePublished\":\"2025-12-16T15:13:19+00:00\",\"dateModified\":\"2025-12-16T15:15:25+00:00\",\"breadcrumb\":{\"@id\":\"https:\\\/\\\/saunaclublegrand.nl\\\/privacyverklaring\\\/#breadcrumb\"},\"inLanguage\":\"de\",\"potentialAction\":[{\"@type\":\"ReadAction\",\"target\":[\"https:\\\/\\\/saunaclublegrand.nl\\\/privacyverklaring\\\/\"]}]},{\"@type\":\"BreadcrumbList\",\"@id\":\"https:\\\/\\\/saunaclublegrand.nl\\\/privacyverklaring\\\/#breadcrumb\",\"itemListElement\":[{\"@type\":\"ListItem\",\"position\":1,\"name\":\"Home\",\"item\":\"https:\\\/\\\/saunaclublegrand.nl\\\/\"},{\"@type\":\"ListItem\",\"position\":2,\"name\":\"Privacyverklaring\"}]},{\"@type\":\"WebSite\",\"@id\":\"https:\\\/\\\/saunaclublegrand.nl\\\/#website\",\"url\":\"https:\\\/\\\/saunaclublegrand.nl\\\/\",\"name\":\"Saunaclub Le Grand\",\"description\":\"\",\"publisher\":{\"@id\":\"https:\\\/\\\/saunaclublegrand.nl\\\/#organization\"},\"potentialAction\":[{\"@type\":\"SearchAction\",\"target\":{\"@type\":\"EntryPoint\",\"urlTemplate\":\"https:\\\/\\\/saunaclublegrand.nl\\\/?s={search_term_string}\"},\"query-input\":{\"@type\":\"PropertyValueSpecification\",\"valueRequired\":true,\"valueName\":\"search_term_string\"}}],\"inLanguage\":\"de\"},{\"@type\":\"Organization\",\"@id\":\"https:\\\/\\\/saunaclublegrand.nl\\\/#organization\",\"name\":\"Saunaclub Le Grand\",\"url\":\"https:\\\/\\\/saunaclublegrand.nl\\\/\",\"logo\":{\"@type\":\"ImageObject\",\"inLanguage\":\"de\",\"@id\":\"https:\\\/\\\/saunaclublegrand.nl\\\/#\\\/schema\\\/logo\\\/image\\\/\",\"url\":\"https:\\\/\\\/saunaclublegrand.nl\\\/wp-content\\\/uploads\\\/2025\\\/12\\\/Legrand-Logo-Header-215.webp\",\"contentUrl\":\"https:\\\/\\\/saunaclublegrand.nl\\\/wp-content\\\/uploads\\\/2025\\\/12\\\/Legrand-Logo-Header-215.webp\",\"width\":215,\"height\":151,\"caption\":\"Saunaclub Le Grand\"},\"image\":{\"@id\":\"https:\\\/\\\/saunaclublegrand.nl\\\/#\\\/schema\\\/logo\\\/image\\\/\"}}]}<\/script>\n<!-- \/ Yoast SEO plugin. -->","yoast_head_json":{"title":"Datenschutzerkl\u00e4rung - Saunaclub Le Grand","robots":{"index":"index","follow":"follow","max-snippet":"max-snippet:-1","max-image-preview":"max-image-preview:large","max-video-preview":"max-video-preview:-1"},"canonical":"https:\/\/saunaclublegrand.nl\/de\/erklarung-zum-datenschutz\/","og_locale":"de_DE","og_type":"article","og_title":"Privacyverklaring - Saunaclub Le Grand","og_description":"Privacybeleid Wij hechten veel waarde aan de bescherming van uw persoonsgegevens. In deze privacyverklaring informeren wij u over hoe wij omgaan met uw persoonsgegevens wanneer u onze website bezoekt en gebruikmaakt van ons contactformulier. Wij voldoen hierbij aan de Algemene Verordening Gegevensbescherming (AVG). 1. Verzameling en gebruik van persoonsgegevens Contactformulier Wanneer u ons contactformulier of [&hellip;]","og_url":"https:\/\/saunaclublegrand.nl\/de\/erklarung-zum-datenschutz\/","og_site_name":"Saunaclub Le Grand","article_modified_time":"2025-12-16T15:15:25+00:00","twitter_card":"summary_large_image","twitter_misc":{"Gesch\u00e4tzte Lesezeit":"3\u00a0Minuten"},"schema":{"@context":"https:\/\/schema.org","@graph":[{"@type":"WebPage","@id":"https:\/\/saunaclublegrand.nl\/privacyverklaring\/","url":"https:\/\/saunaclublegrand.nl\/privacyverklaring\/","name":"Datenschutzerkl\u00e4rung - Saunaclub Le Grand","isPartOf":{"@id":"https:\/\/saunaclublegrand.nl\/#website"},"datePublished":"2025-12-16T15:13:19+00:00","dateModified":"2025-12-16T15:15:25+00:00","breadcrumb":{"@id":"https:\/\/saunaclublegrand.nl\/privacyverklaring\/#breadcrumb"},"inLanguage":"de","potentialAction":[{"@type":"ReadAction","target":["https:\/\/saunaclublegrand.nl\/privacyverklaring\/"]}]},{"@type":"BreadcrumbList","@id":"https:\/\/saunaclublegrand.nl\/privacyverklaring\/#breadcrumb","itemListElement":[{"@type":"ListItem","position":1,"name":"Home","item":"https:\/\/saunaclublegrand.nl\/"},{"@type":"ListItem","position":2,"name":"Privacyverklaring"}]},{"@type":"WebSite","@id":"https:\/\/saunaclublegrand.nl\/#website","url":"https:\/\/saunaclublegrand.nl\/","name":"Saunaclub Le Grand","description":"","publisher":{"@id":"https:\/\/saunaclublegrand.nl\/#organization"},"potentialAction":[{"@type":"SearchAction","target":{"@type":"EntryPoint","urlTemplate":"https:\/\/saunaclublegrand.nl\/?s={search_term_string}"},"query-input":{"@type":"PropertyValueSpecification","valueRequired":true,"valueName":"search_term_string"}}],"inLanguage":"de"},{"@type":"Organization","@id":"https:\/\/saunaclublegrand.nl\/#organization","name":"Saunaclub Le Grand","url":"https:\/\/saunaclublegrand.nl\/","logo":{"@type":"ImageObject","inLanguage":"de","@id":"https:\/\/saunaclublegrand.nl\/#\/schema\/logo\/image\/","url":"https:\/\/saunaclublegrand.nl\/wp-content\/uploads\/2025\/12\/Legrand-Logo-Header-215.webp","contentUrl":"https:\/\/saunaclublegrand.nl\/wp-content\/uploads\/2025\/12\/Legrand-Logo-Header-215.webp","width":215,"height":151,"caption":"Saunaclub Le Grand"},"image":{"@id":"https:\/\/saunaclublegrand.nl\/#\/schema\/logo\/image\/"}}]}},"publishpress_future_action":{"enabled":false,"date":"2026-05-20 07:04:37","action":"change-status","newStatus":"draft","terms":[],"taxonomy":"","extraData":[]},"publishpress_future_workflow_manual_trigger":{"enabledWorkflows":[]},"_links":{"self":[{"href":"https:\/\/saunaclublegrand.nl\/de\/wp-json\/wp\/v2\/pages\/1481","targetHints":{"allow":["GET"]}}],"collection":[{"href":"https:\/\/saunaclublegrand.nl\/de\/wp-json\/wp\/v2\/pages"}],"about":[{"href":"https:\/\/saunaclublegrand.nl\/de\/wp-json\/wp\/v2\/types\/page"}],"author":[{"embeddable":true,"href":"https:\/\/saunaclublegrand.nl\/de\/wp-json\/wp\/v2\/users\/1"}],"replies":[{"embeddable":true,"href":"https:\/\/saunaclublegrand.nl\/de\/wp-json\/wp\/v2\/comments?post=1481"}],"version-history":[{"count":7,"href":"https:\/\/saunaclublegrand.nl\/de\/wp-json\/wp\/v2\/pages\/1481\/revisions"}],"predecessor-version":[{"id":1488,"href":"https:\/\/saunaclublegrand.nl\/de\/wp-json\/wp\/v2\/pages\/1481\/revisions\/1488"}],"wp:attachment":[{"href":"https:\/\/saunaclublegrand.nl\/de\/wp-json\/wp\/v2\/media?parent=1481"}],"curies":[{"name":"wp","href":"https:\/\/api.w.org\/{rel}","templated":true}]}}