{"id":1481,"date":"2025-12-16T15:13:19","date_gmt":"2025-12-16T15:13:19","guid":{"rendered":"https:\/\/baselinkweb.nl\/legrand\/?page_id=1481"},"modified":"2025-12-16T15:15:25","modified_gmt":"2025-12-16T15:15:25","slug":"prohlaseni-o-ochrane-osobnich-udaju","status":"publish","type":"page","link":"https:\/\/saunaclublegrand.nl\/cs\/privacyverklaring\/","title":{"rendered":"Prohl\u00e1\u0161en\u00ed o ochran\u011b osobn\u00edch \u00fadaj\u016f"},"content":{"rendered":"<div data-elementor-type=\"wp-page\" data-elementor-id=\"1481\" class=\"elementor elementor-1481\" data-elementor-post-type=\"page\">\n\t\t\t\t<div class=\"elementor-element elementor-element-d6f2332 e-flex e-con-boxed e-con e-parent\" data-id=\"d6f2332\" data-element_type=\"container\" data-e-type=\"container\">\n\t\t\t\t\t<div class=\"e-con-inner\">\n\t\t\t\t<div class=\"elementor-element elementor-element-2e80b6c elementor-widget elementor-widget-heading\" data-id=\"2e80b6c\" data-element_type=\"widget\" data-e-type=\"widget\" data-widget_type=\"heading.default\">\n\t\t\t\t\t<h1 class=\"elementor-heading-title elementor-size-default\">Z\u00e1sady ochrany osobn\u00edch \u00fadaj\u016f<\/h1>\t\t\t\t<\/div>\n\t\t\t\t<div class=\"elementor-element elementor-element-08b4376 elementor-widget elementor-widget-text-editor\" data-id=\"08b4376\" data-element_type=\"widget\" data-e-type=\"widget\" data-widget_type=\"text-editor.default\">\n\t\t\t\t\t\t\t\t\t<p>Zavazujeme se chr\u00e1nit va\u0161e osobn\u00ed \u00fadaje. V tomto prohl\u00e1\u0161en\u00ed o ochran\u011b osobn\u00edch \u00fadaj\u016f v\u00e1s informujeme, jak nakl\u00e1d\u00e1me s va\u0161imi osobn\u00edmi \u00fadaji, kdy\u017e nav\u0161t\u00edv\u00edte na\u0161e webov\u00e9 str\u00e1nky a pou\u017eijete n\u00e1\u0161 kontaktn\u00ed formul\u00e1\u0159. T\u00edmto dodr\u017eujeme obecn\u00e9 na\u0159\u00edzen\u00ed o ochran\u011b osobn\u00edch \u00fadaj\u016f (AVG).<\/p><p><strong>1. Shroma\u017e\u010fov\u00e1n\u00ed a pou\u017e\u00edv\u00e1n\u00ed osobn\u00edch \u00fadaj\u016f<\/strong><\/p><p>Kontaktn\u00ed formul\u00e1\u0159<\/p><p>P\u0159i vypl\u0148ov\u00e1n\u00ed na\u0161eho kontaktn\u00edho formul\u00e1\u0159e nebo formul\u00e1\u0159e nab\u00eddky shroma\u017e\u010fujeme n\u00e1sleduj\u00edc\u00ed \u00fadaje:<\/p><ul><li>N\u00e1zev<\/li><li>E-mailov\u00e1 adresa<\/li><li>Telefonn\u00ed \u010d\u00edslo<\/li><li>Jak\u00e9koli dal\u0161\u00ed \u00fadaje, kter\u00e9 ve zpr\u00e1v\u011b dobrovoln\u011b uvedete.<br \/><br \/><\/li><\/ul><p>Tyto \u00fadaje budou pou\u017eity v\u00fdhradn\u011b k zodpov\u011bzen\u00ed va\u0161eho dotazu nebo zpracov\u00e1n\u00ed va\u0161\u00ed \u017e\u00e1dosti.<\/p><p>Google Analytics<\/p><p>Na\u0161e webov\u00e9 str\u00e1nky vyu\u017e\u00edvaj\u00ed slu\u017ebu Google Analytics, kterou poskytuje spole\u010dnost Google Inc. Google Analytics pou\u017e\u00edv\u00e1 \u201ccookies\u201d (textov\u00e9 soubory um\u00edst\u011bn\u00e9 na va\u0161em po\u010d\u00edta\u010di), kter\u00e9 pom\u00e1haj\u00ed analyzovat, jak u\u017eivatel\u00e9 str\u00e1nky pou\u017e\u00edvaj\u00ed. Informace vygenerovan\u00e9 souborem cookie o va\u0161em pou\u017e\u00edv\u00e1n\u00ed webov\u00fdch str\u00e1nek (v\u010detn\u011b va\u0161\u00ed IP adresy) budou p\u0159eneseny a ulo\u017eeny spole\u010dnost\u00ed Google na serverech ve Spojen\u00fdch st\u00e1tech.<\/p><p><strong>2. \u00da\u010dely zpracov\u00e1n\u00ed \u00fadaj\u016f<\/strong><\/p><p>Osobn\u00ed \u00fadaje, kter\u00e9 poskytnete prost\u0159ednictv\u00edm kontaktn\u00edho formul\u00e1\u0159e, budou pou\u017eity v\u00fdhradn\u011b pro vy\u0159\u00edzen\u00ed va\u0161eho dotazu nebo \u017e\u00e1dosti.<\/p><p>\u00dadaje shrom\u00e1\u017ed\u011bn\u00e9 slu\u017ebou Google Analytics slou\u017e\u00ed v\u00fdhradn\u011b k pochopen\u00ed a zlep\u0161en\u00ed pou\u017e\u00edv\u00e1n\u00ed na\u0161ich webov\u00fdch str\u00e1nek. Tyto \u00fadaje nejsou pou\u017e\u00edv\u00e1ny k va\u0161\u00ed osobn\u00ed identifikaci.<\/p><p><strong>3. Doba uchov\u00e1v\u00e1n\u00ed<\/strong><\/p><p>Va\u0161e \u00fadaje neuchov\u00e1v\u00e1me d\u00e9le, ne\u017e je nezbytn\u00e9 pro \u00fa\u010del, pro kter\u00fd byly shrom\u00e1\u017ed\u011bny. \u00dadaje, kter\u00e9 poskytnete prost\u0159ednictv\u00edm kontaktn\u00edho formul\u00e1\u0159e, budou uchov\u00e1v\u00e1ny maxim\u00e1ln\u011b 1 rok po vy\u0159\u00edzen\u00ed va\u0161eho dotazu nebo \u017e\u00e1dosti.<\/p><p>\u00dadaje shrom\u00e1\u017ed\u011bn\u00e9 slu\u017ebou Google Analytics jsou uchov\u00e1v\u00e1ny po dobu maxim\u00e1ln\u011b 26 m\u011bs\u00edc\u016f.<\/p><p><strong>4. Va\u0161e pr\u00e1va<\/strong><\/p><p>M\u00e1te pr\u00e1vo na p\u0159\u00edstup ke sv\u00fdm osobn\u00edm \u00fadaj\u016fm, jejich opravu nebo vymaz\u00e1n\u00ed. M\u00e1te tak\u00e9 pr\u00e1vo vzn\u00e9st n\u00e1mitku proti zpracov\u00e1n\u00ed va\u0161ich osobn\u00edch \u00fadaj\u016f a pr\u00e1vo na p\u0159enositelnost \u00fadaj\u016f. To znamen\u00e1, \u017ee n\u00e1m m\u016f\u017eete p\u0159edlo\u017eit \u017e\u00e1dost o zasl\u00e1n\u00ed osobn\u00edch \u00fadaj\u016f, kter\u00e9 o v\u00e1s uchov\u00e1v\u00e1me v po\u010d\u00edta\u010dov\u00e9m souboru, v\u00e1m nebo jin\u00e9 v\u00e1mi ur\u010den\u00e9 organizaci.<\/p><p>Na adresu info@saunaclublegrand.nl m\u016f\u017eete zaslat \u017e\u00e1dost o p\u0159\u00edstup k osobn\u00edm \u00fadaj\u016fm, jejich opravu, vymaz\u00e1n\u00ed, p\u0159enos nebo \u017e\u00e1dost o odvol\u00e1n\u00ed souhlasu \u010di n\u00e1mitku proti zpracov\u00e1n\u00ed va\u0161ich osobn\u00edch \u00fadaj\u016f.<\/p><p><strong>5. Zabezpe\u010den\u00ed osobn\u00edch \u00fadaj\u016f<\/strong><\/p><p>Ochranu va\u0161ich \u00fadaj\u016f bereme v\u00e1\u017en\u011b a p\u0159ijali jsme vhodn\u00e1 opat\u0159en\u00ed proti zneu\u017eit\u00ed, ztr\u00e1t\u011b, neopr\u00e1vn\u011bn\u00e9mu p\u0159\u00edstupu, ne\u017e\u00e1douc\u00edmu zve\u0159ejn\u011bn\u00ed a neopr\u00e1vn\u011bn\u00fdm \u00faprav\u00e1m.<\/p><p><strong>6. Kontaktn\u00ed \u00fadaje<\/strong><\/p><p>M\u00e1te n\u011bjak\u00e9 dotazy t\u00fdkaj\u00edc\u00ed se tohoto ozn\u00e1men\u00ed o ochran\u011b osobn\u00edch \u00fadaj\u016f nebo zpracov\u00e1n\u00ed va\u0161ich osobn\u00edch \u00fadaj\u016f? Pokud ano, kontaktujte n\u00e1s pros\u00edm na adrese:<\/p><ul><li>Saunov\u00fd klub Le Grand\u00a0<\/li><li>Meirseweg 25, 4881 DH Zundert<\/li><li>info@saunaclublegrand.nl<br \/><br \/><\/li><\/ul><p>Zm\u011bny tohoto prohl\u00e1\u0161en\u00ed o ochran\u011b osobn\u00edch \u00fadaj\u016f<\/p><p>Vyhrazujeme si pr\u00e1vo toto prohl\u00e1\u0161en\u00ed o ochran\u011b osobn\u00edch \u00fadaj\u016f zm\u011bnit. Zm\u011bny budou zve\u0159ejn\u011bny na t\u011bchto webov\u00fdch str\u00e1nk\u00e1ch. Doporu\u010dujeme v\u00e1m proto, abyste se s t\u00edmto prohl\u00e1\u0161en\u00edm o ochran\u011b osobn\u00edch \u00fadaj\u016f pravideln\u011b seznamovali, abyste byli informov\u00e1ni o v\u0161ech zm\u011bn\u00e1ch.<\/p><p>Posledn\u00ed aktualizace: 21-08-2024<\/p>\t\t\t\t\t\t\t\t<\/div>\n\t\t\t\t\t<\/div>\n\t\t\t\t<\/div>\n\t\t\t\t<\/div>","protected":false},"excerpt":{"rendered":"<p>Privacybeleid Wij hechten veel waarde aan de bescherming van uw persoonsgegevens. In deze privacyverklaring informeren wij u over hoe wij omgaan met uw persoonsgegevens wanneer u onze website bezoekt en gebruikmaakt van ons contactformulier. Wij voldoen hierbij aan de Algemene Verordening Gegevensbescherming (AVG). 1. Verzameling en gebruik van persoonsgegevens Contactformulier Wanneer u ons contactformulier of [&hellip;]<\/p>\n","protected":false},"author":1,"featured_media":0,"parent":0,"menu_order":0,"comment_status":"closed","ping_status":"closed","template":"","meta":{"footnotes":""},"class_list":["post-1481","page","type-page","status-publish","hentry"],"yoast_head":"<!-- This site is optimized with the Yoast SEO plugin v27.4 - https:\/\/yoast.com\/product\/yoast-seo-wordpress\/ -->\n<title>Privacyverklaring - Saunaclub Le Grand<\/title>\n<meta name=\"robots\" content=\"index, follow, max-snippet:-1, max-image-preview:large, max-video-preview:-1\" \/>\n<link rel=\"canonical\" href=\"https:\/\/saunaclublegrand.nl\/cs\/prohlaseni-o-ochrane-osobnich-udaju\/\" \/>\n<meta property=\"og:locale\" content=\"cs_CZ\" \/>\n<meta property=\"og:type\" content=\"article\" \/>\n<meta property=\"og:title\" content=\"Privacyverklaring - Saunaclub Le Grand\" \/>\n<meta property=\"og:description\" content=\"Privacybeleid Wij hechten veel waarde aan de bescherming van uw persoonsgegevens. In deze privacyverklaring informeren wij u over hoe wij omgaan met uw persoonsgegevens wanneer u onze website bezoekt en gebruikmaakt van ons contactformulier. Wij voldoen hierbij aan de Algemene Verordening Gegevensbescherming (AVG). 1. Verzameling en gebruik van persoonsgegevens Contactformulier Wanneer u ons contactformulier of [&hellip;]\" \/>\n<meta property=\"og:url\" content=\"https:\/\/saunaclublegrand.nl\/cs\/prohlaseni-o-ochrane-osobnich-udaju\/\" \/>\n<meta property=\"og:site_name\" content=\"Saunaclub Le Grand\" \/>\n<meta property=\"article:modified_time\" content=\"2025-12-16T15:15:25+00:00\" \/>\n<meta name=\"twitter:card\" content=\"summary_large_image\" \/>\n<meta name=\"twitter:label1\" content=\"Odhadovan\u00e1 doba \u010dten\u00ed\" \/>\n\t<meta name=\"twitter:data1\" content=\"3 minuty\" \/>\n<script type=\"application\/ld+json\" class=\"yoast-schema-graph\">{\"@context\":\"https:\\\/\\\/schema.org\",\"@graph\":[{\"@type\":\"WebPage\",\"@id\":\"https:\\\/\\\/saunaclublegrand.nl\\\/privacyverklaring\\\/\",\"url\":\"https:\\\/\\\/saunaclublegrand.nl\\\/privacyverklaring\\\/\",\"name\":\"Privacyverklaring - Saunaclub Le Grand\",\"isPartOf\":{\"@id\":\"https:\\\/\\\/saunaclublegrand.nl\\\/#website\"},\"datePublished\":\"2025-12-16T15:13:19+00:00\",\"dateModified\":\"2025-12-16T15:15:25+00:00\",\"breadcrumb\":{\"@id\":\"https:\\\/\\\/saunaclublegrand.nl\\\/privacyverklaring\\\/#breadcrumb\"},\"inLanguage\":\"cs\",\"potentialAction\":[{\"@type\":\"ReadAction\",\"target\":[\"https:\\\/\\\/saunaclublegrand.nl\\\/privacyverklaring\\\/\"]}]},{\"@type\":\"BreadcrumbList\",\"@id\":\"https:\\\/\\\/saunaclublegrand.nl\\\/privacyverklaring\\\/#breadcrumb\",\"itemListElement\":[{\"@type\":\"ListItem\",\"position\":1,\"name\":\"Home\",\"item\":\"https:\\\/\\\/saunaclublegrand.nl\\\/\"},{\"@type\":\"ListItem\",\"position\":2,\"name\":\"Privacyverklaring\"}]},{\"@type\":\"WebSite\",\"@id\":\"https:\\\/\\\/saunaclublegrand.nl\\\/#website\",\"url\":\"https:\\\/\\\/saunaclublegrand.nl\\\/\",\"name\":\"Saunaclub Le Grand\",\"description\":\"\",\"publisher\":{\"@id\":\"https:\\\/\\\/saunaclublegrand.nl\\\/#organization\"},\"potentialAction\":[{\"@type\":\"SearchAction\",\"target\":{\"@type\":\"EntryPoint\",\"urlTemplate\":\"https:\\\/\\\/saunaclublegrand.nl\\\/?s={search_term_string}\"},\"query-input\":{\"@type\":\"PropertyValueSpecification\",\"valueRequired\":true,\"valueName\":\"search_term_string\"}}],\"inLanguage\":\"cs\"},{\"@type\":\"Organization\",\"@id\":\"https:\\\/\\\/saunaclublegrand.nl\\\/#organization\",\"name\":\"Saunaclub Le Grand\",\"url\":\"https:\\\/\\\/saunaclublegrand.nl\\\/\",\"logo\":{\"@type\":\"ImageObject\",\"inLanguage\":\"cs\",\"@id\":\"https:\\\/\\\/saunaclublegrand.nl\\\/#\\\/schema\\\/logo\\\/image\\\/\",\"url\":\"https:\\\/\\\/saunaclublegrand.nl\\\/wp-content\\\/uploads\\\/2025\\\/12\\\/Legrand-Logo-Header-215.webp\",\"contentUrl\":\"https:\\\/\\\/saunaclublegrand.nl\\\/wp-content\\\/uploads\\\/2025\\\/12\\\/Legrand-Logo-Header-215.webp\",\"width\":215,\"height\":151,\"caption\":\"Saunaclub Le Grand\"},\"image\":{\"@id\":\"https:\\\/\\\/saunaclublegrand.nl\\\/#\\\/schema\\\/logo\\\/image\\\/\"}}]}<\/script>\n<!-- \/ Yoast SEO plugin. -->","yoast_head_json":{"title":"Prohl\u00e1\u0161en\u00ed o ochran\u011b osobn\u00edch \u00fadaj\u016f - Saunaclub Le Grand","robots":{"index":"index","follow":"follow","max-snippet":"max-snippet:-1","max-image-preview":"max-image-preview:large","max-video-preview":"max-video-preview:-1"},"canonical":"https:\/\/saunaclublegrand.nl\/cs\/prohlaseni-o-ochrane-osobnich-udaju\/","og_locale":"cs_CZ","og_type":"article","og_title":"Privacyverklaring - Saunaclub Le Grand","og_description":"Privacybeleid Wij hechten veel waarde aan de bescherming van uw persoonsgegevens. In deze privacyverklaring informeren wij u over hoe wij omgaan met uw persoonsgegevens wanneer u onze website bezoekt en gebruikmaakt van ons contactformulier. Wij voldoen hierbij aan de Algemene Verordening Gegevensbescherming (AVG). 1. Verzameling en gebruik van persoonsgegevens Contactformulier Wanneer u ons contactformulier of [&hellip;]","og_url":"https:\/\/saunaclublegrand.nl\/cs\/prohlaseni-o-ochrane-osobnich-udaju\/","og_site_name":"Saunaclub Le Grand","article_modified_time":"2025-12-16T15:15:25+00:00","twitter_card":"summary_large_image","twitter_misc":{"Odhadovan\u00e1 doba \u010dten\u00ed":"3 minuty"},"schema":{"@context":"https:\/\/schema.org","@graph":[{"@type":"WebPage","@id":"https:\/\/saunaclublegrand.nl\/privacyverklaring\/","url":"https:\/\/saunaclublegrand.nl\/privacyverklaring\/","name":"Prohl\u00e1\u0161en\u00ed o ochran\u011b osobn\u00edch \u00fadaj\u016f - Saunaclub Le Grand","isPartOf":{"@id":"https:\/\/saunaclublegrand.nl\/#website"},"datePublished":"2025-12-16T15:13:19+00:00","dateModified":"2025-12-16T15:15:25+00:00","breadcrumb":{"@id":"https:\/\/saunaclublegrand.nl\/privacyverklaring\/#breadcrumb"},"inLanguage":"cs","potentialAction":[{"@type":"ReadAction","target":["https:\/\/saunaclublegrand.nl\/privacyverklaring\/"]}]},{"@type":"BreadcrumbList","@id":"https:\/\/saunaclublegrand.nl\/privacyverklaring\/#breadcrumb","itemListElement":[{"@type":"ListItem","position":1,"name":"Home","item":"https:\/\/saunaclublegrand.nl\/"},{"@type":"ListItem","position":2,"name":"Privacyverklaring"}]},{"@type":"WebSite","@id":"https:\/\/saunaclublegrand.nl\/#website","url":"https:\/\/saunaclublegrand.nl\/","name":"Saunov\u00fd klub Le Grand","description":"","publisher":{"@id":"https:\/\/saunaclublegrand.nl\/#organization"},"potentialAction":[{"@type":"SearchAction","target":{"@type":"EntryPoint","urlTemplate":"https:\/\/saunaclublegrand.nl\/?s={search_term_string}"},"query-input":{"@type":"PropertyValueSpecification","valueRequired":true,"valueName":"search_term_string"}}],"inLanguage":"cs"},{"@type":"Organization","@id":"https:\/\/saunaclublegrand.nl\/#organization","name":"Saunov\u00fd klub Le Grand","url":"https:\/\/saunaclublegrand.nl\/","logo":{"@type":"ImageObject","inLanguage":"cs","@id":"https:\/\/saunaclublegrand.nl\/#\/schema\/logo\/image\/","url":"https:\/\/saunaclublegrand.nl\/wp-content\/uploads\/2025\/12\/Legrand-Logo-Header-215.webp","contentUrl":"https:\/\/saunaclublegrand.nl\/wp-content\/uploads\/2025\/12\/Legrand-Logo-Header-215.webp","width":215,"height":151,"caption":"Saunaclub Le Grand"},"image":{"@id":"https:\/\/saunaclublegrand.nl\/#\/schema\/logo\/image\/"}}]}},"publishpress_future_action":{"enabled":false,"date":"2026-05-20 10:42:29","action":"change-status","newStatus":"draft","terms":[],"taxonomy":"","extraData":[]},"publishpress_future_workflow_manual_trigger":{"enabledWorkflows":[]},"_links":{"self":[{"href":"https:\/\/saunaclublegrand.nl\/cs\/wp-json\/wp\/v2\/pages\/1481","targetHints":{"allow":["GET"]}}],"collection":[{"href":"https:\/\/saunaclublegrand.nl\/cs\/wp-json\/wp\/v2\/pages"}],"about":[{"href":"https:\/\/saunaclublegrand.nl\/cs\/wp-json\/wp\/v2\/types\/page"}],"author":[{"embeddable":true,"href":"https:\/\/saunaclublegrand.nl\/cs\/wp-json\/wp\/v2\/users\/1"}],"replies":[{"embeddable":true,"href":"https:\/\/saunaclublegrand.nl\/cs\/wp-json\/wp\/v2\/comments?post=1481"}],"version-history":[{"count":7,"href":"https:\/\/saunaclublegrand.nl\/cs\/wp-json\/wp\/v2\/pages\/1481\/revisions"}],"predecessor-version":[{"id":1488,"href":"https:\/\/saunaclublegrand.nl\/cs\/wp-json\/wp\/v2\/pages\/1481\/revisions\/1488"}],"wp:attachment":[{"href":"https:\/\/saunaclublegrand.nl\/cs\/wp-json\/wp\/v2\/media?parent=1481"}],"curies":[{"name":"wp","href":"https:\/\/api.w.org\/{rel}","templated":true}]}}